{"id":27,"date":"2022-06-06T02:33:44","date_gmt":"2022-06-06T02:33:44","guid":{"rendered":"http:\/\/goldlife.local\/?page_id=27"},"modified":"2023-08-17T23:39:22","modified_gmt":"2023-08-17T23:39:22","slug":"canxi-k2-mk7","status":"publish","type":"page","link":"https:\/\/goldlifes.vn\/en\/canxi-k2-mk7\/","title":{"rendered":"CANXI K2 \u2013 MK7"},"content":{"rendered":"<div data-elementor-type=\"wp-page\" data-elementor-id=\"27\" class=\"elementor elementor-27\">\n\t\t\t\t\t\t\t\t\t<section class=\"elementor-section elementor-top-section elementor-element elementor-element-884d9b1 page-product elementor-section-boxed elementor-section-height-default elementor-section-height-default\" data-id=\"884d9b1\" data-element_type=\"section\">\n\t\t\t\t\t\t<div class=\"elementor-container elementor-column-gap-no\">\n\t\t\t\t\t<div class=\"elementor-column elementor-col-100 elementor-top-column elementor-element elementor-element-414f3f0\" data-id=\"414f3f0\" data-element_type=\"column\">\n\t\t\t<div class=\"elementor-widget-wrap elementor-element-populated\">\n\t\t\t\t\t\t\t\t<div class=\"elementor-element elementor-element-11d153b elementor-widget elementor-widget-heading\" data-id=\"11d153b\" data-element_type=\"widget\" data-widget_type=\"heading.default\">\n\t\t\t\t<div class=\"elementor-widget-container\">\n\t\t\t<style>\/*! elementor - v3.15.0 - 09-08-2023 *\/\n.elementor-heading-title{padding:0;margin:0;line-height:1}.elementor-widget-heading .elementor-heading-title[class*=elementor-size-]>a{color:inherit;font-size:inherit;line-height:inherit}.elementor-widget-heading .elementor-heading-title.elementor-size-small{font-size:15px}.elementor-widget-heading .elementor-heading-title.elementor-size-medium{font-size:19px}.elementor-widget-heading .elementor-heading-title.elementor-size-large{font-size:29px}.elementor-widget-heading .elementor-heading-title.elementor-size-xl{font-size:39px}.elementor-widget-heading .elementor-heading-title.elementor-size-xxl{font-size:59px}<\/style><h1 class=\"elementor-heading-title elementor-size-default\">s\u1ea3n ph\u1ea9m dinh d\u01b0\u1ee1ng<\/h1>\t\t<\/div>\n\t\t\t\t<\/div>\n\t\t\t\t<section class=\"elementor-section elementor-inner-section elementor-element elementor-element-4819003 elementor-section-boxed elementor-section-height-default elementor-section-height-default\" data-id=\"4819003\" data-element_type=\"section\">\n\t\t\t\t\t\t<div class=\"elementor-container elementor-column-gap-default\">\n\t\t\t\t\t<div class=\"elementor-column elementor-col-50 elementor-inner-column elementor-element elementor-element-cd18552\" data-id=\"cd18552\" data-element_type=\"column\">\n\t\t\t<div class=\"elementor-widget-wrap elementor-element-populated\">\n\t\t\t\t\t\t\t\t<div class=\"elementor-element elementor-element-79e683e elementor-widget elementor-widget-text-editor\" data-id=\"79e683e\" data-element_type=\"widget\" data-widget_type=\"text-editor.default\">\n\t\t\t\t<div class=\"elementor-widget-container\">\n\t\t\t<style>\/*! elementor - v3.15.0 - 09-08-2023 *\/\n.elementor-widget-text-editor.elementor-drop-cap-view-stacked .elementor-drop-cap{background-color:#69727d;color:#fff}.elementor-widget-text-editor.elementor-drop-cap-view-framed .elementor-drop-cap{color:#69727d;border:3px solid;background-color:transparent}.elementor-widget-text-editor:not(.elementor-drop-cap-view-default) .elementor-drop-cap{margin-top:8px}.elementor-widget-text-editor:not(.elementor-drop-cap-view-default) .elementor-drop-cap-letter{width:1em;height:1em}.elementor-widget-text-editor .elementor-drop-cap{float:left;text-align:center;line-height:1;font-size:50px}.elementor-widget-text-editor .elementor-drop-cap-letter{display:inline-block}<\/style>\t\t\t\t<h2>Gold lifes<\/h2>\t\t\t\t\t\t<\/div>\n\t\t\t\t<\/div>\n\t\t\t\t<div class=\"elementor-element elementor-element-2583994 elementor-widget elementor-widget-text-editor\" data-id=\"2583994\" data-element_type=\"widget\" data-widget_type=\"text-editor.default\">\n\t\t\t\t<div class=\"elementor-widget-container\">\n\t\t\t\t\t\t\t<h2>CANXI K2 \u2013 MK7<\/h2>\t\t\t\t\t\t<\/div>\n\t\t\t\t<\/div>\n\t\t\t\t<div class=\"elementor-element elementor-element-9f52971 elementor-widget elementor-widget-heading\" data-id=\"9f52971\" data-element_type=\"widget\" data-widget_type=\"heading.default\">\n\t\t\t\t<div class=\"elementor-widget-container\">\n\t\t\t<h3 class=\"elementor-heading-title elementor-size-default\"><span style=\"white-space-collapse: collapse;\">S\u1ea3n ph\u1ea9m dinh d\u01b0\u1ee1ng cho: Ng\u01b0\u1eddi t\u1eeb 18 tu\u1ed5i tr\u1edf l\u00ean, ng\u01b0\u1eddi c\u1ea7n b\u1ed5 sung canxi, ng\u01b0\u1eddi cao tu\u1ed5i b\u1ecb lo\u00e3ng x\u01b0\u01a1ng v\u00e0 c\u00f3 nguy c\u01a1 b\u1ecb lo\u00e3ng x\u01b0\u01a1ng.<\/span><\/h3>\t\t<\/div>\n\t\t\t\t<\/div>\n\t\t\t\t<div class=\"elementor-element elementor-element-793fa5d elementor-widget elementor-widget-text-editor\" data-id=\"793fa5d\" data-element_type=\"widget\" data-widget_type=\"text-editor.default\">\n\t\t\t\t<div class=\"elementor-widget-container\">\n\t\t\t\t\t\t\t<p>Nguy\u00ean li\u1ec7u nh\u1eadp kh\u1ea9u t\u1eeb\u00a0<strong>NEW ZEALAND<\/strong><\/p><p><strong>Ch\u1ee7ng lo\u1ea1i v\u00e0 quy c\u00e1ch \u0111\u00f3ng g\u00f3i<\/strong><br \/>Tr\u1ecdng l\u01b0\u1ee3ng: 900g<strong><br \/><\/strong><\/p>\t\t\t\t\t\t<\/div>\n\t\t\t\t<\/div>\n\t\t\t\t\t<\/div>\n\t\t<\/div>\n\t\t\t\t<div class=\"elementor-column elementor-col-50 elementor-inner-column elementor-element elementor-element-c2d6461\" data-id=\"c2d6461\" data-element_type=\"column\">\n\t\t\t<div class=\"elementor-widget-wrap elementor-element-populated\">\n\t\t\t\t\t\t\t\t<div class=\"elementor-element elementor-element-1989854 elementor-widget elementor-widget-image\" data-id=\"1989854\" data-element_type=\"widget\" data-widget_type=\"image.default\">\n\t\t\t\t<div class=\"elementor-widget-container\">\n\t\t\t<style>\/*! elementor - v3.15.0 - 09-08-2023 *\/\n.elementor-widget-image{text-align:center}.elementor-widget-image a{display:inline-block}.elementor-widget-image a img[src$=\".svg\"]{width:48px}.elementor-widget-image img{vertical-align:middle;display:inline-block}<\/style>\t\t\t\t\t\t\t\t\t\t\t\t<img loading=\"lazy\" decoding=\"async\" width=\"498\" height=\"419\" src=\"https:\/\/goldlifes.vn\/wp-content\/uploads\/2023\/08\/Canxi-K2-MK7.png\" class=\"attachment-large size-large wp-image-698\" alt=\"\" srcset=\"https:\/\/goldlifes.vn\/wp-content\/uploads\/2023\/08\/Canxi-K2-MK7.png 498w, https:\/\/goldlifes.vn\/wp-content\/uploads\/2023\/08\/Canxi-K2-MK7-300x252.png 300w, https:\/\/goldlifes.vn\/wp-content\/uploads\/2023\/08\/Canxi-K2-MK7-14x12.png 14w\" sizes=\"auto, (max-width: 498px) 100vw, 498px\" \/>\t\t\t\t\t\t\t\t\t\t\t\t\t\t\t<\/div>\n\t\t\t\t<\/div>\n\t\t\t\t\t<\/div>\n\t\t<\/div>\n\t\t\t\t\t\t\t<\/div>\n\t\t<\/section>\n\t\t\t\t<div class=\"elementor-element elementor-element-f744103 elementor-widget elementor-widget-heading\" data-id=\"f744103\" data-element_type=\"widget\" data-widget_type=\"heading.default\">\n\t\t\t\t<div class=\"elementor-widget-container\">\n\t\t\t<h2 class=\"elementor-heading-title elementor-size-default\"><div data-id=\"f744103\" data-element_type=\"widget\" data-widget_type=\"heading.default\" style=\"flex-basis: var(--flex-basis); flex-grow: var(--flex-grow); flex-shrink: var(--flex-shrink); order: var(--order); align-self: var(--align-self); flex-direction: var(--flex-direction); flex-wrap: var(--flex-wrap); justify-content: var(--justify-content); align-items: var(--align-items); align-content: var(--align-content); gap: var(--gap); --swiper-theme-color: #000; --swiper-navigation-size: 44px; --swiper-pagination-bullet-size: 6px; --swiper-pagination-bullet-horizontal-gap: 6px; --widgets-spacing: 20px; width: 1140px; color: rgb(38, 38, 38); font-family: Roboto, sans-serif; font-size: 16px; font-weight: 400; white-space-collapse: collapse;\"><div style=\"transition: background .3s,border .3s,border-radius .3s,box-shadow .3s,transform var(--e-transform-transition-duration,.4s);\"><h2>Th\u00f4ng tin s\u1ea3n ph\u1ea9m<\/h2><\/div><\/div><\/h2>\t\t<\/div>\n\t\t\t\t<\/div>\n\t\t\t\t<div class=\"elementor-element elementor-element-18949bf elementor-widget elementor-widget-image\" data-id=\"18949bf\" data-element_type=\"widget\" data-widget_type=\"image.default\">\n\t\t\t\t<div class=\"elementor-widget-container\">\n\t\t\t\t\t\t\t\t\t\t\t\t\t\t\t<img loading=\"lazy\" decoding=\"async\" width=\"2560\" height=\"1810\" src=\"https:\/\/goldlifes.vn\/wp-content\/uploads\/2023\/08\/Canxi-K2-MK7-1-scaled.jpg\" class=\"attachment-full size-full wp-image-707\" alt=\"\" srcset=\"https:\/\/goldlifes.vn\/wp-content\/uploads\/2023\/08\/Canxi-K2-MK7-1-scaled.jpg 2560w, https:\/\/goldlifes.vn\/wp-content\/uploads\/2023\/08\/Canxi-K2-MK7-1-300x212.jpg 300w, https:\/\/goldlifes.vn\/wp-content\/uploads\/2023\/08\/Canxi-K2-MK7-1-1024x724.jpg 1024w, https:\/\/goldlifes.vn\/wp-content\/uploads\/2023\/08\/Canxi-K2-MK7-1-768x543.jpg 768w, https:\/\/goldlifes.vn\/wp-content\/uploads\/2023\/08\/Canxi-K2-MK7-1-1536x1086.jpg 1536w, https:\/\/goldlifes.vn\/wp-content\/uploads\/2023\/08\/Canxi-K2-MK7-1-2048x1448.jpg 2048w, https:\/\/goldlifes.vn\/wp-content\/uploads\/2023\/08\/Canxi-K2-MK7-1-18x12.jpg 18w\" sizes=\"auto, (max-width: 2560px) 100vw, 2560px\" \/>\t\t\t\t\t\t\t\t\t\t\t\t\t\t\t<\/div>\n\t\t\t\t<\/div>\n\t\t\t\t\t<\/div>\n\t\t<\/div>\n\t\t\t\t\t\t\t<\/div>\n\t\t<\/section>\n\t\t\t\t\t\t\t<\/div>","protected":false},"excerpt":{"rendered":"<p>s\u1ea3n ph\u1ea9m dinh d\u01b0\u1ee1ng Gold lifes CANXI K2 \u2013 MK7 S\u1ea3n ph\u1ea9m dinh d\u01b0\u1ee1ng cho: Ng\u01b0\u1eddi t\u1eeb 18 tu\u1ed5i tr\u1edf l\u00ean, ng\u01b0\u1eddi c\u1ea7n b\u1ed5 sung canxi, ng\u01b0\u1eddi cao tu\u1ed5i b\u1ecb lo\u00e3ng x\u01b0\u01a1ng v\u00e0 c\u00f3 nguy c\u01a1 b\u1ecb lo\u00e3ng x\u01b0\u01a1ng. Nguy\u00ean li\u1ec7u nh\u1eadp kh\u1ea9u t\u1eeb\u00a0NEW ZEALAND Ch\u1ee7ng lo\u1ea1i v\u00e0 quy c\u00e1ch \u0111\u00f3ng g\u00f3iTr\u1ecdng l\u01b0\u1ee3ng: 900g Th\u00f4ng [&hellip;]<\/p>","protected":false},"author":1,"featured_media":304,"parent":0,"menu_order":0,"comment_status":"closed","ping_status":"closed","template":"","meta":{"inline_featured_image":false,"_mi_skip_tracking":false,"_monsterinsights_sitenote_active":false,"_monsterinsights_sitenote_note":"","_monsterinsights_sitenote_category":0,"pgc_sgb_lightbox_settings":"","footnotes":""},"class_list":["post-27","page","type-page","status-publish","has-post-thumbnail","hentry"],"acf":[],"aioseo_notices":[],"_links":{"self":[{"href":"https:\/\/goldlifes.vn\/en\/wp-json\/wp\/v2\/pages\/27","targetHints":{"allow":["GET"]}}],"collection":[{"href":"https:\/\/goldlifes.vn\/en\/wp-json\/wp\/v2\/pages"}],"about":[{"href":"https:\/\/goldlifes.vn\/en\/wp-json\/wp\/v2\/types\/page"}],"author":[{"embeddable":true,"href":"https:\/\/goldlifes.vn\/en\/wp-json\/wp\/v2\/users\/1"}],"replies":[{"embeddable":true,"href":"https:\/\/goldlifes.vn\/en\/wp-json\/wp\/v2\/comments?post=27"}],"version-history":[{"count":36,"href":"https:\/\/goldlifes.vn\/en\/wp-json\/wp\/v2\/pages\/27\/revisions"}],"predecessor-version":[{"id":711,"href":"https:\/\/goldlifes.vn\/en\/wp-json\/wp\/v2\/pages\/27\/revisions\/711"}],"wp:featuredmedia":[{"embeddable":true,"href":"https:\/\/goldlifes.vn\/en\/wp-json\/wp\/v2\/media\/304"}],"wp:attachment":[{"href":"https:\/\/goldlifes.vn\/en\/wp-json\/wp\/v2\/media?parent=27"}],"curies":[{"name":"wp","href":"https:\/\/api.w.org\/{rel}","templated":true}]}}